{"id":4764,"date":"2022-03-25T19:14:36","date_gmt":"2022-03-25T18:14:36","guid":{"rendered":"http:\/\/www.pansion-tina.com\/lokacija\/"},"modified":"2022-03-25T19:14:37","modified_gmt":"2022-03-25T18:14:37","slug":"lokacija","status":"publish","type":"page","link":"https:\/\/www.pansion-tina.com\/hr\/lokacija\/","title":{"rendered":"Lokacija"},"content":{"rendered":"<p><div class=\"fusion-fullwidth fullwidth-box fusion-builder-row-1 fusion-flex-container nonhundred-percent-fullwidth non-hundred-percent-height-scrolling\" style=\"background-color: rgba(255,255,255,0);background-position: center center;background-repeat: no-repeat;border-width: 0px 0px 0px 0px;border-color:var(--awb-color3);border-style:solid;\" ><div class=\"fusion-builder-row fusion-row fusion-flex-align-items-flex-start\" style=\"max-width:1320.8px;margin-left: calc(-4% \/ 2 );margin-right: calc(-4% \/ 2 );\"><div class=\"fusion-layout-column fusion_builder_column fusion-builder-column-0 fusion_builder_column_1_1 1_1 fusion-flex-column fusion-animated\" data-animationType=\"fadeIn\" data-animationDuration=\"0.8\" data-animationOffset=\"top-into-view\"><div class=\"fusion-column-wrapper fusion-flex-justify-content-flex-start fusion-content-layout-column\" style=\"background-position:left top;background-repeat:no-repeat;-webkit-background-size:cover;-moz-background-size:cover;-o-background-size:cover;background-size:cover;padding: 0px 3% 0px 0px;\"><style type=\"text\/css\">@media only screen and (max-width:1024px) {.fusion-title.fusion-title-1{margin-top:8px!important; margin-right:0px!important;margin-bottom:16px!important;margin-left:0px!important;}}@media only screen and (max-width:600px) {.fusion-title.fusion-title-1{margin-top:8px!important; margin-right:0px!important;margin-bottom:16px!important; margin-left:0px!important;}}<\/style><div class=\"fusion-title title fusion-title-1 fusion-sep-none fusion-title-center fusion-title-text fusion-title-size-two\" style=\"margin-top:8px;margin-right:0px;margin-bottom:16px;margin-left:0px;\"><h2 class=\"title-heading-center fusion-responsive-typography-calculated\" style=\"margin:0;--fontSize:44;line-height:1.26;\">Lokacija<\/h2><\/div><div class=\"fusion-text fusion-text-1\"><p style=\"text-align: center;\">Kostrij 44, 51515 \u0160ilo, otok Krk, Hrvatska<\/p>\n<\/div><div class=\"fusion-separator fusion-full-width-sep\" style=\"align-self: center;margin-left: auto;margin-right: auto;margin-top:15px;margin-bottom:20px;width:100%;\"><div class=\"fusion-separator-border sep-single sep-solid\" style=\"border-color:#ededed;border-top-width:1px;\"><\/div><\/div><div class=\"fusion-text fusion-text-2\"><p style=\"text-align: center;\">Dobrodo\u0161li na otok Krk, najve\u0107i dragulj u nizu od preko tisu\u0107u otoka, oto\u010di\u0107a i hridi u hrvatskom moru. Ovaj topli mediteranski otok ima dobru poziciju, uvukao se u samo srce starog kontinenta. S kopnom je povezan impozantnim Kr\u010dkim mostom, te rije\u010dkom zra\u010dnom lukom koja se nalazi na otoku Krku. Ovaj otok je najbli\u017ei Europi.<\/p>\n<\/div><\/div><style type=\"text\/css\">.fusion-body .fusion-builder-column-0{width:100% !important;margin-top : 0px;margin-bottom : 25px;}.fusion-builder-column-0 > .fusion-column-wrapper {padding-top : 0px !important;padding-right : 3% !important;margin-right : 0%;padding-bottom : 0px !important;padding-left : 0px !important;margin-left : 1.92%;}@media only screen and (max-width:1024px) {.fusion-body .fusion-builder-column-0{width:60% !important;order : 0;margin-bottom : 12px;}.fusion-builder-column-0 > .fusion-column-wrapper {padding-right : 0px !important;margin-right : 0%;margin-left : 3.2%;}}@media only screen and (max-width:600px) {.fusion-body .fusion-builder-column-0{width:100% !important;order : 0;}.fusion-builder-column-0 > .fusion-column-wrapper {margin-right : 1.92%;margin-left : 1.92%;}}<\/style><\/div><\/div><style type=\"text\/css\">.fusion-body .fusion-flex-container.fusion-builder-row-1{ padding-top : 0px;margin-top : 0px;padding-right : 0px;padding-bottom : 10px;margin-bottom : 0px;padding-left : 0px;}@media only screen and (max-width:1024px) {.fusion-body .fusion-flex-container.fusion-builder-row-1{ padding-top : 40px;}}<\/style><\/div><div class=\"fusion-fullwidth fullwidth-box fusion-builder-row-2 fusion-flex-container hundred-percent-fullwidth non-hundred-percent-height-scrolling\" style=\"background-color: rgba(255,255,255,0);background-position: center center;background-repeat: no-repeat;border-width: 0px 0px 0px 0px;border-color:var(--awb-color3);border-style:solid;\" ><div class=\"fusion-builder-row fusion-row fusion-flex-align-items-flex-start\" style=\"width:104% !important;max-width:104% !important;margin-left: calc(-4% \/ 2 );margin-right: calc(-4% \/ 2 );\"><div class=\"fusion-layout-column fusion_builder_column fusion-builder-column-1 fusion_builder_column_1_1 1_1 fusion-flex-column\"><div class=\"fusion-column-wrapper fusion-flex-justify-content-flex-start fusion-content-layout-column\" style=\"background-position:left top;background-repeat:no-repeat;-webkit-background-size:cover;-moz-background-size:cover;-o-background-size:cover;background-size:cover;padding: 0px 0px 0px 0px;\"> <div class=\"hmapsprem_container\"> <div id=\"hmapsprem_map_d54c7cae42c848af874328651411d86d\" class=\"hmapsprem_map_container\"><\/div> <script type=\"text\/javascript\" data-cfasync=\"false\"> var hmapsprem_default_object_d54c7cae42c848af874328651411d86d = {\"map_setup\":{\"api_key\":\"AIzaSyDliWDh_8lff-G9YDY0pPHcm1EXElOmo38\",\"responsive\":\"true\",\"map_width\":100,\"map_height\":500,\"font_family\":\"inherit\"},\"map_settings\":{\"map_type\":\"ROADMAP\",\"map_theme\":\"Light Gray & Light Blue\",\"auto_fit\":true,\"map_center\":\"0,0\",\"rest_zoom\":3,\"mouse_wheel_zoom\":false,\"mobile_pan_lock\":false,\"mobile_pan_lock_width\":600,\"get_directions\":false,\"frontend_search\":false,\"show_category_selector\":false,\"category_selector_tabs\":\"false\",\"show_category_selector_copy\":\"Show All\",\"default_category_component_position\":\"TOP_LEFT\",\"default_display_category\":\"show_all\",\"category_selector_font_size\":14,\"category_selector_font_weight\":\"normal\",\"category_selector_font_colour\":\"#000000\",\"category_selector_fill_colour\":\"#FFFFFF\",\"category_selector_border_colour\":\"#CCCCCC\",\"category_selector_border_weight\":1,\"category_selector_border_radius\":3,\"category_selector_vert_padding\":7,\"category_selector_hor_padding\":14,\"default_category_tab_position\":\"TOP\",\"category_tab_font_size\":12,\"category_tab_bg_colour\":\"#DDDDDD\",\"category_tab_font_weight\":\"normal\",\"category_tab_font_colour\":\"#000000\",\"category_tab_font_active_colour\":\"#FFFFFF\",\"category_tab_fill_colour\":\"#DDDDDD\",\"category_tab_active_fill_colour\":\"#777777\",\"category_tab_border_bottom_only\":false,\"category_tab_border_colour\":\"#000000\",\"category_tab_border_active_colour\":\"#000000\",\"category_tab_border_weight\":1,\"category_tab_border_radius\":3,\"category_tab_vert_padding\":7,\"category_tab_hor_padding\":14,\"category_tab_vert_margin\":10,\"category_tab_hor_margin\":10,\"category_tab_default_categories\":[]},\"map_controls\":{\"street_view\":true,\"street_view_position\":\"DEFAULT\",\"map_type\":true,\"map_type_position\":\"DEFAULT\",\"map_type_style\":\"DEFAULT\",\"rotate\":false,\"rotate_position\":\"DEFAULT\",\"full_screen\":false,\"full_screen_position\":\"DEFAULT\",\"zoom\":true,\"zoom_position\":\"DEFAULT\",\"scale\":false,\"show_location\":false},\"map_advanced\":{\"marker_drop_delay\":0,\"marker_animation\":\"DEFAULT\",\"marker_animation_timer\":0,\"tooltips\":true,\"marker_clustering\":false,\"shape_drop_delay\":0,\"map_load_zoom\":11,\"marker_click_zoom\":11},\"map_developers\":{\"javascript_callback\":false,\"callback_method\":\"\",\"map_initialised_method\":\"\",\"map_css_class\":\"\",\"category_selector_css_class\":\"\"},\"map_drawing\":{\"polylineOptions\":{\"strokeColor\":\"#DC4551\",\"strokeOpacity\":1,\"strokeWeight\":2,\"geodesic\":false},\"circleOptions\":{\"fillColor\":\"#000000\",\"fillOpacity\":0.3,\"strokeColor\":\"#DC4551\",\"strokeOpacity\":1,\"strokeWeight\":2},\"polygonOptions\":{\"fillColor\":\"#000000\",\"fillOpacity\":0.3,\"strokeColor\":\"#DC4551\",\"strokeOpacity\":1,\"strokeWeight\":2},\"rectangleOptions\":{\"fillColor\":\"#000000\",\"fillOpacity\":0.3,\"strokeColor\":\"#DC4551\",\"strokeOpacity\":1,\"strokeWeight\":2}},\"map_poly\":{},\"map_marker_categories\":[\"uncategorised\"],\"map_markers\":{\"hmapsprem_grsa4c1c974c2d514cfe03a0dc7b718e2f3\":{\"marker_id\":230,\"marker_category\":\"uncategorised\",\"latlng\":\"45.14555468411097,14.658847024322665\",\"title\":\"\",\"info_window_show\":false,\"info_window_content\":\"\",\"new\":true,\"link_show\":false,\"link_title\":\"\",\"link\":\"\",\"link_colour\":\"#FF7373\",\"link_target\":\"_blank\",\"custom_param\":\"\",\"deleted\":false}},\"marker_data\":{\"categories\":{\"1\":{\"category_id\":1,\"category\":\"Default\",\"imported\":\"0\",\"deleted\":\"0\",\"links\":{\"12\":{\"primary_colour\":\"#FF7373\",\"secondary_colour\":\"#E06363\",\"link\":12,\"markers\":[{\"marker_id\":230,\"img_binary\":\"iVBORw0KGgoAAAANSUhEUgAAAC0AAAA4CAYAAABpAXGyAAAABHNCSVQICAgIfAhkiAAAAAlwSFlzAAALEgAACxIB0t1+\\\/AAAABZ0RVh0Q3JlYXRpb24gVGltZQAwOS8xNy8xM6vg00EAAAAcdEVYdFNvZnR3YXJlAEFkb2JlIEZpcmV3b3JrcyBDUzbovLKMAAADeElEQVRoge3ZvUsjQRjH8e\\\/EGBIR7+SEgxXULo1lbAQ7sUxrehu1OiL2Xm3jHxDh7LQ7UluchSDYXGFlpVhZKNE7k5iXnSs2s9nEZF8nMQf+YEk27s5+eHhmRqOQOzuS\\\/yyx9waEyQd6WPlADysf6GFlMGjDgJWVgQwNENc+omHA9jYkkzA7C8fH2h+ht9JOMEAmA7mc1keAzkovLcH6+tvPMxnrVWPF9VS6H1hFc8Wjo73AKpkM5POQSkV+ZDS0X7CKYcDWVmR4ePTaWjCwigZ4OHQuZ6HDJiI8ODqXa68IUWIYVo8bRuBbg6F1gVWmp611PSDcP1o3WCWZDAz3RqdSyHx+MGCVgHB3dCpFc3MTEaLvAkfBFxc9L3Xdxh\\\/LZSZNkzGfz30qFu33n7JZ+3xsZobJ5WXvAZJJXytK30o\\\/Viq8PD9zv79P7e6O2t0df05PXQcrFYv24Tx\\\/OT93V5ycQLVqvV5eeqJ7VrpUrVKp1xGAWalwv78PwNTqqueAoXJ5CVdXUKn4uvwN+vn1lddGg5gQmICQElku4+cbnc\\\/ZbM\\\/zsZkZ75t9gqEL\\\/bdW47XRQAiBAARW\\\/5iAlKPzRZSNLtfr1JpNq8JSWmBVbfwt6KWuiajOk+m0v4kYBF1tNKgrsANp4wFTCBBC24OjJF5rNmmYpmuFVW97kZPpdM\\\/zxNycXnRTyv4V7vrcC\\\/11d9f1XFdiCqOQonXEuiajGKX2UCuFW4X9tsewEhdCtGFEa49hJW6DfeCrFxfUrq8xpURird2y9T5sUuPjTAVF2+0hZRvcZ2LKhwfqDw8WWkpMxxEmk4kEUxMTge9zbQ\\\/RmnhqQoLV22rddm46QeGTiQRfQoAttML0wNOqfqyFN+kxMR2rjN+tPgoYWjuiEKJve4gW3n7f\\\/XtJ167pBY8KttEK\\\/gbpqL6zDdyWRaDvxNQB7kBDZxt0TM6u3vZa03tVWxf4DRraFe\\\/obx8rS\\\/fkdE5MneDeaCc4wMaj2sOJl1JqB\\\/dEg6PajvYIg08NAAwD3JlvNjYG8afOE3AQs7dizccAsN+BhflCYU\\\/\\\/P4r05gk4AA7mC4WS+nCU0UfAt4XDwxKALBTsH4wi+gjYWzg8vOl3wSihPbEqo4A+w2qD335veE\\\/0GVZlfwW98T3QobEqw0TfYrXBz6gDDQN9i1XZH7oGHCRaO1blHwlsvOyD3pSxAAAAAElFTkSuQmCC\",\"width\":45,\"height\":56,\"left_offset\":22,\"top_offset\":56,\"deleted\":0}]}}}}}}; jQuery(function(){ hmapsprem_initialise_frontend(\"d54c7cae42c848af874328651411d86d\"); }); <\/script> <\/div> <\/div><style type=\"text\/css\">.fusion-body .fusion-builder-column-1{width:100% !important;margin-top : 0px;margin-bottom : 0px;}.fusion-builder-column-1 > .fusion-column-wrapper {padding-top : 0px !important;padding-right : 0px !important;margin-right : 1.92%;padding-bottom : 0px !important;padding-left : 0px !important;margin-left : 1.92%;}@media only screen and (max-width:1024px) {.fusion-body .fusion-builder-column-1{width:100% !important;order : 0;}.fusion-builder-column-1 > .fusion-column-wrapper {margin-right : 1.92%;margin-left : 1.92%;}}@media only screen and (max-width:600px) {.fusion-body .fusion-builder-column-1{width:100% !important;order : 0;}.fusion-builder-column-1 > .fusion-column-wrapper {margin-right : 1.92%;margin-left : 1.92%;}}<\/style><\/div><\/div><style type=\"text\/css\">.fusion-body .fusion-flex-container.fusion-builder-row-2{ padding-top : 0px;margin-top : 0px;padding-right : 0px;padding-bottom : 0px;margin-bottom : 0px;padding-left : 0px;}<\/style><\/div><\/p>\n","protected":false},"excerpt":{"rendered":"","protected":false},"author":1,"featured_media":0,"parent":0,"menu_order":0,"comment_status":"closed","ping_status":"closed","template":"100-width.php","meta":[],"aioseo_notices":[],"_links":{"self":[{"href":"https:\/\/www.pansion-tina.com\/hr\/wp-json\/wp\/v2\/pages\/4764"}],"collection":[{"href":"https:\/\/www.pansion-tina.com\/hr\/wp-json\/wp\/v2\/pages"}],"about":[{"href":"https:\/\/www.pansion-tina.com\/hr\/wp-json\/wp\/v2\/types\/page"}],"author":[{"embeddable":true,"href":"https:\/\/www.pansion-tina.com\/hr\/wp-json\/wp\/v2\/users\/1"}],"replies":[{"embeddable":true,"href":"https:\/\/www.pansion-tina.com\/hr\/wp-json\/wp\/v2\/comments?post=4764"}],"version-history":[{"count":2,"href":"https:\/\/www.pansion-tina.com\/hr\/wp-json\/wp\/v2\/pages\/4764\/revisions"}],"predecessor-version":[{"id":4766,"href":"https:\/\/www.pansion-tina.com\/hr\/wp-json\/wp\/v2\/pages\/4764\/revisions\/4766"}],"wp:attachment":[{"href":"https:\/\/www.pansion-tina.com\/hr\/wp-json\/wp\/v2\/media?parent=4764"}],"curies":[{"name":"wp","href":"https:\/\/api.w.org\/{rel}","templated":true}]}}